{"id":2126,"date":"2020-10-19T11:01:39","date_gmt":"2020-10-19T09:01:39","guid":{"rendered":"https:\/\/www.keepfocus.io\/?page_id=2126"},"modified":"2025-05-13T12:27:21","modified_gmt":"2025-05-13T10:27:21","slug":"nasza-misja","status":"publish","type":"page","link":"https:\/\/www.unipile.com\/pl\/our-mission\/","title":{"rendered":"Nasza misja"},"content":{"rendered":"<p>[et_pb_section fb_built=&#8221;1&#8243; admin_label=&#8221;Section&#8221; _builder_version=&#8221;4.16&#8243; _module_preset=&#8221;b1db71eb-d139-4784-8507-aa268a4f831d&#8221; da_disable_devices=&#8221;off|off|off&#8221; saved_tabs=&#8221;all&#8221; global_colors_info=&#8221;{}&#8221; da_is_popup=&#8221;off&#8221; da_exit_intent=&#8221;off&#8221; da_has_close=&#8221;on&#8221; da_alt_close=&#8221;off&#8221; da_dark_close=&#8221;off&#8221; da_not_modal=&#8221;on&#8221; da_is_singular=&#8221;off&#8221; da_with_loader=&#8221;off&#8221; da_has_shadow=&#8221;on&#8221;][et_pb_row _builder_version=&#8221;4.16&#8243; _module_preset=&#8221;a75b6241-019e-4352-bf26-33cc1d2b72f9&#8243; global_colors_info=&#8221;{}&#8221;][et_pb_column type=&#8221;4_4&#8243; _builder_version=&#8221;4.16&#8243; _module_preset=&#8221;default&#8221; global_colors_info=&#8221;{}&#8221;][et_pb_text _builder_version=&#8221;4.19.5&#8243; _module_preset=&#8221;d557757d-840e-483e-8f1f-ad13936e4615&#8243; locked=&#8221;off&#8221; global_colors_info=&#8221;{}&#8221;]<\/p>\n<h1 style=\"text-align: center;\">Our mission<\/h1>\n<p>[\/et_pb_text][\/et_pb_column][\/et_pb_row][\/et_pb_section][et_pb_section fb_built=&#8221;1&#8243; theme_builder_area=&#8221;post_content&#8221; _builder_version=&#8221;4.27.4&#8243; _module_preset=&#8221;default&#8221; da_is_popup=&#8221;off&#8221; da_exit_intent=&#8221;off&#8221; da_has_close=&#8221;on&#8221; da_alt_close=&#8221;off&#8221; da_dark_close=&#8221;off&#8221; da_not_modal=&#8221;on&#8221; da_is_singular=&#8221;off&#8221; da_with_loader=&#8221;off&#8221; da_has_shadow=&#8221;on&#8221; da_disable_devices=&#8221;off|off|off&#8221;][et_pb_row _builder_version=&#8221;4.27.4&#8243; _module_preset=&#8221;default&#8221; theme_builder_area=&#8221;post_content&#8221; column_structure=&#8221;1_2,1_2&#8243;][et_pb_column _builder_version=&#8221;4.27.4&#8243; _module_preset=&#8221;default&#8221; type=&#8221;1_2&#8243; theme_builder_area=&#8221;post_content&#8221;][et_pb_image src=&#8221;https:\/\/www.unipile.com\/wp-content\/uploads\/2024\/10\/julien.png&#8221; _builder_version=&#8221;4.27.4&#8243; _module_preset=&#8221;default&#8221; theme_builder_area=&#8221;post_content&#8221; alt=&#8221;instagram api business&#8221; title_text=&#8221;Julien&#8221; hover_enabled=&#8221;0&#8243; sticky_enabled=&#8221;0&#8243;][\/et_pb_image][\/et_pb_column][et_pb_column _builder_version=&#8221;4.27.4&#8243; _module_preset=&#8221;default&#8221; type=&#8221;1_2&#8243; theme_builder_area=&#8221;post_content&#8221;][et_pb_text _builder_version=&#8221;4.27.4&#8243; _module_preset=&#8221;default&#8221; global_colors_info=&#8221;{}&#8221; theme_builder_area=&#8221;post_content&#8221;]<\/p>\n<p>Julien CREPIEUX<\/p>\n<p>[\/et_pb_text][et_pb_text _builder_version=&#8221;4.27.4&#8243; _module_preset=&#8221;default&#8221; global_colors_info=&#8221;{}&#8221; theme_builder_area=&#8221;post_content&#8221;]<\/p>\n<p><strong>CEO &amp; CO-Founder<\/strong><\/p>\n<p>[\/et_pb_text][et_pb_social_media_follow _builder_version=&#8221;4.27.4&#8243; _module_preset=&#8221;default&#8221; text_orientation=&#8221;left&#8221; locked=&#8221;off&#8221; global_colors_info=&#8221;{}&#8221; theme_builder_area=&#8221;post_content&#8221;][et_pb_social_media_follow_network social_network=&#8221;linkedin&#8221; url=&#8221;https:\/\/www.linkedin.com\/in\/julien-crepieux\/&#8221; icon_color=&#8221;#D8DB51&#8243; use_icon_font_size=&#8221;on&#8221; _builder_version=&#8221;4.22.2&#8243; _module_preset=&#8221;default&#8221; background_color=&#8221;#062836&#8243; background_enable_color=&#8221;on&#8221; border_radii=&#8221;on|30px|30px|30px|30px&#8221; border_color_all=&#8221;RGBA(255,255,255,0)&#8221; global_colors_info=&#8221;{}&#8221; follow_button=&#8221;off&#8221; url_new_window=&#8221;on&#8221; theme_builder_area=&#8221;post_content&#8221;]linkedin[\/et_pb_social_media_follow_network][\/et_pb_social_media_follow][\/et_pb_column][\/et_pb_row][\/et_pb_section]<\/p>\n","protected":false},"excerpt":{"rendered":"<p>Nasza misjaJulien CREPIEUXCEO i wsp\u00f3\u0142za\u0142o\u017cyciel<\/p>","protected":false},"author":1,"featured_media":0,"parent":0,"menu_order":0,"comment_status":"closed","ping_status":"closed","template":"","meta":{"_et_pb_use_builder":"on","_et_pb_old_content":"","_et_gb_content_width":"","inline_featured_image":false,"footnotes":""},"folder":[],"class_list":["post-2126","page","type-page","status-publish","hentry"],"yoast_head":"<!-- This site is optimized with the Yoast SEO plugin v27.4 - https:\/\/yoast.com\/product\/yoast-seo-wordpress\/ -->\n<title>Our mission - Unipile<\/title>\n<meta name=\"description\" content=\"What is our mission? Our team spends time finding solution to help our users to manage more easily their messages\" \/>\n<meta name=\"robots\" content=\"index, follow, max-snippet:-1, max-image-preview:large, max-video-preview:-1\" \/>\n<link rel=\"canonical\" href=\"https:\/\/www.unipile.com\/pl\/nasza-misja\/\" \/>\n<meta property=\"og:locale\" content=\"pl_PL\" \/>\n<meta property=\"og:type\" content=\"article\" \/>\n<meta property=\"og:title\" content=\"Our mission - Unipile\" \/>\n<meta property=\"og:description\" content=\"What is our mission? Our team spends time finding solution to help our users to manage more easily their messages\" \/>\n<meta property=\"og:url\" content=\"https:\/\/www.unipile.com\/pl\/nasza-misja\/\" \/>\n<meta property=\"og:site_name\" content=\"Unipile\" \/>\n<meta property=\"article:publisher\" content=\"https:\/\/www.facebook.com\/unipilefr\" \/>\n<meta property=\"article:modified_time\" content=\"2025-05-13T10:27:21+00:00\" \/>\n<meta name=\"twitter:card\" content=\"summary_large_image\" \/>\n<meta name=\"twitter:site\" content=\"@UnipileAPI\" \/>\n<meta name=\"twitter:label1\" content=\"Szacowany czas czytania\" \/>\n\t<meta name=\"twitter:data1\" content=\"3 minuty\" \/>\n<script type=\"application\/ld+json\" class=\"yoast-schema-graph\">{\"@context\":\"https:\\\/\\\/schema.org\",\"@graph\":[{\"@type\":\"WebPage\",\"@id\":\"https:\\\/\\\/www.unipile.com\\\/our-mission\\\/\",\"url\":\"https:\\\/\\\/www.unipile.com\\\/our-mission\\\/\",\"name\":\"Our mission - Unipile\",\"isPartOf\":{\"@id\":\"https:\\\/\\\/www.unipile.com\\\/#website\"},\"datePublished\":\"2020-10-19T09:01:39+00:00\",\"dateModified\":\"2025-05-13T10:27:21+00:00\",\"description\":\"What is our mission? Our team spends time finding solution to help our users to manage more easily their messages\",\"breadcrumb\":{\"@id\":\"https:\\\/\\\/www.unipile.com\\\/our-mission\\\/#breadcrumb\"},\"inLanguage\":\"pl-PL\",\"potentialAction\":[{\"@type\":\"ReadAction\",\"target\":[\"https:\\\/\\\/www.unipile.com\\\/our-mission\\\/\"]}]},{\"@type\":\"BreadcrumbList\",\"@id\":\"https:\\\/\\\/www.unipile.com\\\/our-mission\\\/#breadcrumb\",\"itemListElement\":[{\"@type\":\"ListItem\",\"position\":1,\"name\":\"Accueil\",\"item\":\"https:\\\/\\\/www.unipile.com\\\/\"},{\"@type\":\"ListItem\",\"position\":2,\"name\":\"Our mission\"}]},{\"@type\":\"WebSite\",\"@id\":\"https:\\\/\\\/www.unipile.com\\\/#website\",\"url\":\"https:\\\/\\\/www.unipile.com\\\/\",\"name\":\"Unipile\",\"description\":\"Integrate Messaging &amp; Email, Connect with Ease via API\",\"publisher\":{\"@id\":\"https:\\\/\\\/www.unipile.com\\\/#organization\"},\"potentialAction\":[{\"@type\":\"SearchAction\",\"target\":{\"@type\":\"EntryPoint\",\"urlTemplate\":\"https:\\\/\\\/www.unipile.com\\\/?s={search_term_string}\"},\"query-input\":{\"@type\":\"PropertyValueSpecification\",\"valueRequired\":true,\"valueName\":\"search_term_string\"}}],\"inLanguage\":\"pl-PL\"},{\"@type\":\"Organization\",\"@id\":\"https:\\\/\\\/www.unipile.com\\\/#organization\",\"name\":\"Unipile\",\"url\":\"https:\\\/\\\/www.unipile.com\\\/\",\"logo\":{\"@type\":\"ImageObject\",\"inLanguage\":\"pl-PL\",\"@id\":\"https:\\\/\\\/www.unipile.com\\\/#\\\/schema\\\/logo\\\/image\\\/\",\"url\":\"https:\\\/\\\/www.unipile.com\\\/wp-content\\\/uploads\\\/2021\\\/05\\\/logo-unipile.png\",\"contentUrl\":\"https:\\\/\\\/www.unipile.com\\\/wp-content\\\/uploads\\\/2021\\\/05\\\/logo-unipile.png\",\"width\":200,\"height\":49,\"caption\":\"Unipile\"},\"image\":{\"@id\":\"https:\\\/\\\/www.unipile.com\\\/#\\\/schema\\\/logo\\\/image\\\/\"},\"sameAs\":[\"https:\\\/\\\/www.facebook.com\\\/unipilefr\",\"https:\\\/\\\/x.com\\\/UnipileAPI\",\"https:\\\/\\\/www.linkedin.com\\\/company\\\/unipile\\\/\"]}]}<\/script>\n<!-- \/ Yoast SEO plugin. -->","yoast_head_json":{"title":"Nasza misja - Unipile","description":"Jaka jest nasza misja? Nasz zesp\u00f3\u0142 po\u015bwi\u0119ca czas na znalezienie rozwi\u0105zania, kt\u00f3re pomo\u017ce naszym u\u017cytkownikom \u0142atwiej zarz\u0105dza\u0107 ich wiadomo\u015bciami","robots":{"index":"index","follow":"follow","max-snippet":"max-snippet:-1","max-image-preview":"max-image-preview:large","max-video-preview":"max-video-preview:-1"},"canonical":"https:\/\/www.unipile.com\/pl\/nasza-misja\/","og_locale":"pl_PL","og_type":"article","og_title":"Our mission - Unipile","og_description":"What is our mission? Our team spends time finding solution to help our users to manage more easily their messages","og_url":"https:\/\/www.unipile.com\/pl\/nasza-misja\/","og_site_name":"Unipile","article_publisher":"https:\/\/www.facebook.com\/unipilefr","article_modified_time":"2025-05-13T10:27:21+00:00","twitter_card":"summary_large_image","twitter_site":"@UnipileAPI","twitter_misc":{"Szacowany czas czytania":"3 minuty"},"schema":{"@context":"https:\/\/schema.org","@graph":[{"@type":"WebPage","@id":"https:\/\/www.unipile.com\/our-mission\/","url":"https:\/\/www.unipile.com\/our-mission\/","name":"Nasza misja - Unipile","isPartOf":{"@id":"https:\/\/www.unipile.com\/#website"},"datePublished":"2020-10-19T09:01:39+00:00","dateModified":"2025-05-13T10:27:21+00:00","description":"Jaka jest nasza misja? Nasz zesp\u00f3\u0142 po\u015bwi\u0119ca czas na znalezienie rozwi\u0105zania, kt\u00f3re pomo\u017ce naszym u\u017cytkownikom \u0142atwiej zarz\u0105dza\u0107 ich wiadomo\u015bciami","breadcrumb":{"@id":"https:\/\/www.unipile.com\/our-mission\/#breadcrumb"},"inLanguage":"pl-PL","potentialAction":[{"@type":"ReadAction","target":["https:\/\/www.unipile.com\/our-mission\/"]}]},{"@type":"BreadcrumbList","@id":"https:\/\/www.unipile.com\/our-mission\/#breadcrumb","itemListElement":[{"@type":"ListItem","position":1,"name":"Accueil","item":"https:\/\/www.unipile.com\/"},{"@type":"ListItem","position":2,"name":"Our mission"}]},{"@type":"WebSite","@id":"https:\/\/www.unipile.com\/#website","url":"https:\/\/www.unipile.com\/","name":"Unipile","description":"Integracja wiadomo\u015bci i poczty e-mail, \u0142atwe \u0142\u0105czenie za pomoc\u0105 interfejsu API","publisher":{"@id":"https:\/\/www.unipile.com\/#organization"},"potentialAction":[{"@type":"SearchAction","target":{"@type":"EntryPoint","urlTemplate":"https:\/\/www.unipile.com\/?s={search_term_string}"},"query-input":{"@type":"PropertyValueSpecification","valueRequired":true,"valueName":"search_term_string"}}],"inLanguage":"pl-PL"},{"@type":"Organization","@id":"https:\/\/www.unipile.com\/#organization","name":"Unipile","url":"https:\/\/www.unipile.com\/","logo":{"@type":"ImageObject","inLanguage":"pl-PL","@id":"https:\/\/www.unipile.com\/#\/schema\/logo\/image\/","url":"https:\/\/www.unipile.com\/wp-content\/uploads\/2021\/05\/logo-unipile.png","contentUrl":"https:\/\/www.unipile.com\/wp-content\/uploads\/2021\/05\/logo-unipile.png","width":200,"height":49,"caption":"Unipile"},"image":{"@id":"https:\/\/www.unipile.com\/#\/schema\/logo\/image\/"},"sameAs":["https:\/\/www.facebook.com\/unipilefr","https:\/\/x.com\/UnipileAPI","https:\/\/www.linkedin.com\/company\/unipile\/"]}]}},"_links":{"self":[{"href":"https:\/\/www.unipile.com\/pl\/wp-json\/wp\/v2\/pages\/2126","targetHints":{"allow":["GET"]}}],"collection":[{"href":"https:\/\/www.unipile.com\/pl\/wp-json\/wp\/v2\/pages"}],"about":[{"href":"https:\/\/www.unipile.com\/pl\/wp-json\/wp\/v2\/types\/page"}],"author":[{"embeddable":true,"href":"https:\/\/www.unipile.com\/pl\/wp-json\/wp\/v2\/users\/1"}],"replies":[{"embeddable":true,"href":"https:\/\/www.unipile.com\/pl\/wp-json\/wp\/v2\/comments?post=2126"}],"version-history":[{"count":48,"href":"https:\/\/www.unipile.com\/pl\/wp-json\/wp\/v2\/pages\/2126\/revisions"}],"predecessor-version":[{"id":271512,"href":"https:\/\/www.unipile.com\/pl\/wp-json\/wp\/v2\/pages\/2126\/revisions\/271512"}],"wp:attachment":[{"href":"https:\/\/www.unipile.com\/pl\/wp-json\/wp\/v2\/media?parent=2126"}],"wp:term":[{"taxonomy":"folder","embeddable":true,"href":"https:\/\/www.unipile.com\/pl\/wp-json\/wp\/v2\/folder?post=2126"}],"curies":[{"name":"wp","href":"https:\/\/api.w.org\/{rel}","templated":true}]}}